{"id":46,"date":"2026-02-14T16:31:19","date_gmt":"2026-02-14T15:31:19","guid":{"rendered":"https:\/\/mm-gd.net\/portfolio\/?page_id=46"},"modified":"2026-03-29T21:00:39","modified_gmt":"2026-03-29T19:00:39","slug":"01-2","status":"publish","type":"page","link":"https:\/\/mm-gd.net\/portfolio\/01-2\/","title":{"rendered":"01"},"content":{"rendered":"\n<div class=\"wp-block-columns alignfull are-vertically-aligned-center is-not-stacked-on-mobile backforward is-layout-flex wp-container-core-columns-is-layout-9d6595d7 wp-block-columns-is-layout-flex\">\n<div class=\"wp-block-column is-vertically-aligned-center is-layout-flow wp-block-column-is-layout-flow\"><\/div>\n\n\n\n<div class=\"wp-block-column is-vertically-aligned-center is-layout-flow wp-block-column-is-layout-flow\"><div class=\"wp-block-image\">\n<figure class=\"alignright size-large is-resized\"><a href=\"https:\/\/mm-gd.net\/portfolio\/\"><img loading=\"lazy\" decoding=\"async\" width=\"140\" height=\"18\" src=\"http:\/\/mm-gd.net\/portfolio\/wp-content\/uploads\/2026\/03\/Pfeil2-L_L.svg\" alt=\"\" class=\"wp-image-894\" style=\"width:80px\"\/><\/a><\/figure>\n<\/div><\/div>\n\n\n\n<div class=\"wp-block-column is-vertically-aligned-center is-layout-flow wp-block-column-is-layout-flow\"><div class=\"wp-block-image\">\n<figure class=\"alignleft size-large is-resized\"><a href=\"https:\/\/mm-gd.net\/portfolio\/02-2\/\"><img loading=\"lazy\" decoding=\"async\" width=\"140\" height=\"18\" src=\"http:\/\/mm-gd.net\/portfolio\/wp-content\/uploads\/2026\/03\/Pfeil2-R_R.svg\" alt=\"\" class=\"wp-image-896\" style=\"width:80px\"\/><\/a><\/figure>\n<\/div><\/div>\n\n\n\n<div class=\"wp-block-column is-vertically-aligned-center is-layout-flow wp-block-column-is-layout-flow\"><\/div>\n<\/div>\n\n\n\n<h2 class=\"wp-block-heading has-text-align-center was\">\u2026 f\u00fcr die Brosch\u00fcre <em>Lehrkooperation. Technische Universit\u00e4t Berlin &amp; Staatliche Museen zu Berlin. Master Kunstwissenschaft<\/em>, herausgegeben von der TU Berlin.<\/h2>\n\n\n\n<div aria-hidden=\"true\" class=\"wp-block-fsb-flexible-spacer fsb-flexible-spacer\"><div class=\"fsb-flexible-spacer__device fsb-flexible-spacer__device--lg\" style=\"height:30px\"><\/div><div class=\"fsb-flexible-spacer__device fsb-flexible-spacer__device--md\" style=\"height:20px\"><\/div><div class=\"fsb-flexible-spacer__device fsb-flexible-spacer__device--sm\" style=\"height:15px\"><\/div><\/div>\n\n\n\n<div class=\"wp-block-columns is-not-stacked-on-mobile is-layout-flex wp-container-core-columns-is-layout-9d6595d7 wp-block-columns-is-layout-flex\">\n<div class=\"wp-block-column is-layout-flow wp-block-column-is-layout-flow\">\n<figure class=\"wp-block-image size-full\"><img loading=\"lazy\" decoding=\"async\" width=\"1757\" height=\"2500\" src=\"http:\/\/mm-gd.net\/portfolio\/wp-content\/uploads\/2026\/03\/MartinMueller_TUBerlin-Lehrkooperation_00.jpg\" alt=\"\" class=\"wp-image-642\" srcset=\"https:\/\/mm-gd.net\/portfolio\/wp-content\/uploads\/2026\/03\/MartinMueller_TUBerlin-Lehrkooperation_00.jpg 1757w, https:\/\/mm-gd.net\/portfolio\/wp-content\/uploads\/2026\/03\/MartinMueller_TUBerlin-Lehrkooperation_00-1054x1500.jpg 1054w, https:\/\/mm-gd.net\/portfolio\/wp-content\/uploads\/2026\/03\/MartinMueller_TUBerlin-Lehrkooperation_00-703x1000.jpg 703w, https:\/\/mm-gd.net\/portfolio\/wp-content\/uploads\/2026\/03\/MartinMueller_TUBerlin-Lehrkooperation_00-768x1093.jpg 768w, https:\/\/mm-gd.net\/portfolio\/wp-content\/uploads\/2026\/03\/MartinMueller_TUBerlin-Lehrkooperation_00-1080x1536.jpg 1080w, https:\/\/mm-gd.net\/portfolio\/wp-content\/uploads\/2026\/03\/MartinMueller_TUBerlin-Lehrkooperation_00-1439x2048.jpg 1439w\" sizes=\"auto, (max-width: 1757px) 100vw, 1757px\" \/><\/figure>\n\n\n\n<figure class=\"wp-block-image size-full\"><img loading=\"lazy\" decoding=\"async\" width=\"2500\" height=\"1786\" src=\"http:\/\/mm-gd.net\/portfolio\/wp-content\/uploads\/2026\/03\/MartinMueller_TUBerlin-Lehrkooperation_04.jpg\" alt=\"\" class=\"wp-image-636\" srcset=\"https:\/\/mm-gd.net\/portfolio\/wp-content\/uploads\/2026\/03\/MartinMueller_TUBerlin-Lehrkooperation_04.jpg 2500w, https:\/\/mm-gd.net\/portfolio\/wp-content\/uploads\/2026\/03\/MartinMueller_TUBerlin-Lehrkooperation_04-1500x1072.jpg 1500w, https:\/\/mm-gd.net\/portfolio\/wp-content\/uploads\/2026\/03\/MartinMueller_TUBerlin-Lehrkooperation_04-1000x714.jpg 1000w, https:\/\/mm-gd.net\/portfolio\/wp-content\/uploads\/2026\/03\/MartinMueller_TUBerlin-Lehrkooperation_04-768x549.jpg 768w, https:\/\/mm-gd.net\/portfolio\/wp-content\/uploads\/2026\/03\/MartinMueller_TUBerlin-Lehrkooperation_04-1536x1097.jpg 1536w, https:\/\/mm-gd.net\/portfolio\/wp-content\/uploads\/2026\/03\/MartinMueller_TUBerlin-Lehrkooperation_04-2048x1463.jpg 2048w\" sizes=\"auto, (max-width: 2500px) 100vw, 2500px\" \/><\/figure>\n\n\n\n<figure class=\"wp-block-image size-full\"><img loading=\"lazy\" decoding=\"async\" width=\"2500\" height=\"1786\" src=\"http:\/\/mm-gd.net\/portfolio\/wp-content\/uploads\/2026\/03\/MartinMueller_TUBerlin-Lehrkooperation_05.jpg\" alt=\"\" class=\"wp-image-637\" srcset=\"https:\/\/mm-gd.net\/portfolio\/wp-content\/uploads\/2026\/03\/MartinMueller_TUBerlin-Lehrkooperation_05.jpg 2500w, https:\/\/mm-gd.net\/portfolio\/wp-content\/uploads\/2026\/03\/MartinMueller_TUBerlin-Lehrkooperation_05-1500x1072.jpg 1500w, https:\/\/mm-gd.net\/portfolio\/wp-content\/uploads\/2026\/03\/MartinMueller_TUBerlin-Lehrkooperation_05-1000x714.jpg 1000w, https:\/\/mm-gd.net\/portfolio\/wp-content\/uploads\/2026\/03\/MartinMueller_TUBerlin-Lehrkooperation_05-768x549.jpg 768w, https:\/\/mm-gd.net\/portfolio\/wp-content\/uploads\/2026\/03\/MartinMueller_TUBerlin-Lehrkooperation_05-1536x1097.jpg 1536w, https:\/\/mm-gd.net\/portfolio\/wp-content\/uploads\/2026\/03\/MartinMueller_TUBerlin-Lehrkooperation_05-2048x1463.jpg 2048w\" sizes=\"auto, (max-width: 2500px) 100vw, 2500px\" \/><\/figure>\n<\/div>\n\n\n\n<div class=\"wp-block-column is-layout-flow wp-block-column-is-layout-flow\">\n<figure class=\"wp-block-image size-full\"><img loading=\"lazy\" decoding=\"async\" width=\"2500\" height=\"1786\" src=\"http:\/\/mm-gd.net\/portfolio\/wp-content\/uploads\/2026\/03\/MartinMueller_TUBerlin-Lehrkooperation_02.jpg\" alt=\"\" class=\"wp-image-634\" srcset=\"https:\/\/mm-gd.net\/portfolio\/wp-content\/uploads\/2026\/03\/MartinMueller_TUBerlin-Lehrkooperation_02.jpg 2500w, https:\/\/mm-gd.net\/portfolio\/wp-content\/uploads\/2026\/03\/MartinMueller_TUBerlin-Lehrkooperation_02-1500x1072.jpg 1500w, https:\/\/mm-gd.net\/portfolio\/wp-content\/uploads\/2026\/03\/MartinMueller_TUBerlin-Lehrkooperation_02-1000x714.jpg 1000w, https:\/\/mm-gd.net\/portfolio\/wp-content\/uploads\/2026\/03\/MartinMueller_TUBerlin-Lehrkooperation_02-768x549.jpg 768w, https:\/\/mm-gd.net\/portfolio\/wp-content\/uploads\/2026\/03\/MartinMueller_TUBerlin-Lehrkooperation_02-1536x1097.jpg 1536w, https:\/\/mm-gd.net\/portfolio\/wp-content\/uploads\/2026\/03\/MartinMueller_TUBerlin-Lehrkooperation_02-2048x1463.jpg 2048w\" sizes=\"auto, (max-width: 2500px) 100vw, 2500px\" \/><\/figure>\n\n\n\n<figure class=\"wp-block-image size-full\"><img loading=\"lazy\" decoding=\"async\" width=\"2500\" height=\"1786\" src=\"http:\/\/mm-gd.net\/portfolio\/wp-content\/uploads\/2026\/03\/MartinMueller_TUBerlin-Lehrkooperation_06.jpg\" alt=\"\" class=\"wp-image-639\" srcset=\"https:\/\/mm-gd.net\/portfolio\/wp-content\/uploads\/2026\/03\/MartinMueller_TUBerlin-Lehrkooperation_06.jpg 2500w, https:\/\/mm-gd.net\/portfolio\/wp-content\/uploads\/2026\/03\/MartinMueller_TUBerlin-Lehrkooperation_06-1500x1072.jpg 1500w, https:\/\/mm-gd.net\/portfolio\/wp-content\/uploads\/2026\/03\/MartinMueller_TUBerlin-Lehrkooperation_06-1000x714.jpg 1000w, https:\/\/mm-gd.net\/portfolio\/wp-content\/uploads\/2026\/03\/MartinMueller_TUBerlin-Lehrkooperation_06-768x549.jpg 768w, https:\/\/mm-gd.net\/portfolio\/wp-content\/uploads\/2026\/03\/MartinMueller_TUBerlin-Lehrkooperation_06-1536x1097.jpg 1536w, https:\/\/mm-gd.net\/portfolio\/wp-content\/uploads\/2026\/03\/MartinMueller_TUBerlin-Lehrkooperation_06-2048x1463.jpg 2048w\" sizes=\"auto, (max-width: 2500px) 100vw, 2500px\" \/><\/figure>\n\n\n\n<figure class=\"wp-block-image size-full\"><img loading=\"lazy\" decoding=\"async\" width=\"1757\" height=\"2500\" src=\"http:\/\/mm-gd.net\/portfolio\/wp-content\/uploads\/2026\/03\/MartinMueller_TUBerlin-Lehrkooperation_01-1.jpg\" alt=\"\" class=\"wp-image-643\" srcset=\"https:\/\/mm-gd.net\/portfolio\/wp-content\/uploads\/2026\/03\/MartinMueller_TUBerlin-Lehrkooperation_01-1.jpg 1757w, https:\/\/mm-gd.net\/portfolio\/wp-content\/uploads\/2026\/03\/MartinMueller_TUBerlin-Lehrkooperation_01-1-1054x1500.jpg 1054w, https:\/\/mm-gd.net\/portfolio\/wp-content\/uploads\/2026\/03\/MartinMueller_TUBerlin-Lehrkooperation_01-1-703x1000.jpg 703w, https:\/\/mm-gd.net\/portfolio\/wp-content\/uploads\/2026\/03\/MartinMueller_TUBerlin-Lehrkooperation_01-1-768x1093.jpg 768w, https:\/\/mm-gd.net\/portfolio\/wp-content\/uploads\/2026\/03\/MartinMueller_TUBerlin-Lehrkooperation_01-1-1080x1536.jpg 1080w, https:\/\/mm-gd.net\/portfolio\/wp-content\/uploads\/2026\/03\/MartinMueller_TUBerlin-Lehrkooperation_01-1-1439x2048.jpg 1439w\" sizes=\"auto, (max-width: 1757px) 100vw, 1757px\" \/><\/figure>\n<\/div>\n<\/div>\n\n\n\n<div aria-hidden=\"true\" class=\"wp-block-fsb-flexible-spacer fsb-flexible-spacer\"><div class=\"fsb-flexible-spacer__device fsb-flexible-spacer__device--lg\" style=\"height:30px\"><\/div><div class=\"fsb-flexible-spacer__device fsb-flexible-spacer__device--md\" style=\"height:20px\"><\/div><div class=\"fsb-flexible-spacer__device fsb-flexible-spacer__device--sm\" style=\"height:15px\"><\/div><\/div>\n\n\n\n<div class=\"wp-block-columns alignfull are-vertically-aligned-center is-not-stacked-on-mobile backforwardunten is-layout-flex wp-container-core-columns-is-layout-9d6595d7 wp-block-columns-is-layout-flex\">\n<div class=\"wp-block-column is-vertically-aligned-center is-layout-flow wp-block-column-is-layout-flow\"><\/div>\n\n\n\n<div class=\"wp-block-column is-vertically-aligned-center is-layout-flow wp-block-column-is-layout-flow\"><div class=\"wp-block-image\">\n<figure class=\"alignright size-large is-resized\"><a href=\"https:\/\/mm-gd.net\/portfolio\/\"><img loading=\"lazy\" decoding=\"async\" width=\"140\" height=\"18\" src=\"http:\/\/mm-gd.net\/portfolio\/wp-content\/uploads\/2026\/03\/Pfeil2-L_L.svg\" alt=\"\" class=\"wp-image-894\" style=\"width:80px\"\/><\/a><\/figure>\n<\/div><\/div>\n\n\n\n<div class=\"wp-block-column is-vertically-aligned-center is-layout-flow wp-block-column-is-layout-flow\"><div class=\"wp-block-image\">\n<figure class=\"alignleft size-large is-resized\"><a href=\"https:\/\/mm-gd.net\/portfolio\/02-2\/\"><img loading=\"lazy\" decoding=\"async\" width=\"140\" height=\"18\" src=\"http:\/\/mm-gd.net\/portfolio\/wp-content\/uploads\/2026\/03\/Pfeil2-R_R.svg\" alt=\"\" class=\"wp-image-896\" style=\"width:80px\"\/><\/a><\/figure>\n<\/div><\/div>\n\n\n\n<div class=\"wp-block-column is-vertically-aligned-center is-layout-flow wp-block-column-is-layout-flow\"><\/div>\n<\/div>\n","protected":false},"excerpt":{"rendered":"<p>\u2026 f\u00fcr die Brosch\u00fcre Lehrkooperation. Technische Universit\u00e4t Berlin &amp; Staatliche Museen zu Berlin. Master Kunstwissenschaft, herausgegeben von der TU Berlin.<\/p>\n","protected":false},"author":1,"featured_media":0,"parent":0,"menu_order":0,"comment_status":"closed","ping_status":"closed","template":"","meta":{"ocean_post_layout":"","ocean_both_sidebars_style":"","ocean_both_sidebars_content_width":0,"ocean_both_sidebars_sidebars_width":0,"ocean_sidebar":"0","ocean_second_sidebar":"0","ocean_disable_margins":"enable","ocean_add_body_class":"","ocean_shortcode_before_top_bar":"","ocean_shortcode_after_top_bar":"","ocean_shortcode_before_header":"","ocean_shortcode_after_header":"","ocean_has_shortcode":"","ocean_shortcode_after_title":"","ocean_shortcode_before_footer_widgets":"","ocean_shortcode_after_footer_widgets":"","ocean_shortcode_before_footer_bottom":"","ocean_shortcode_after_footer_bottom":"","ocean_display_top_bar":"default","ocean_display_header":"default","ocean_header_style":"","ocean_center_header_left_menu":"0","ocean_custom_header_template":"0","ocean_custom_logo":0,"ocean_custom_retina_logo":0,"ocean_custom_logo_max_width":0,"ocean_custom_logo_tablet_max_width":0,"ocean_custom_logo_mobile_max_width":0,"ocean_custom_logo_max_height":0,"ocean_custom_logo_tablet_max_height":0,"ocean_custom_logo_mobile_max_height":0,"ocean_header_custom_menu":"0","ocean_menu_typo_font_family":"0","ocean_menu_typo_font_subset":"","ocean_menu_typo_font_size":0,"ocean_menu_typo_font_size_tablet":0,"ocean_menu_typo_font_size_mobile":0,"ocean_menu_typo_font_size_unit":"px","ocean_menu_typo_font_weight":"","ocean_menu_typo_font_weight_tablet":"","ocean_menu_typo_font_weight_mobile":"","ocean_menu_typo_transform":"","ocean_menu_typo_transform_tablet":"","ocean_menu_typo_transform_mobile":"","ocean_menu_typo_line_height":0,"ocean_menu_typo_line_height_tablet":0,"ocean_menu_typo_line_height_mobile":0,"ocean_menu_typo_line_height_unit":"","ocean_menu_typo_spacing":0,"ocean_menu_typo_spacing_tablet":0,"ocean_menu_typo_spacing_mobile":0,"ocean_menu_typo_spacing_unit":"","ocean_menu_link_color":"","ocean_menu_link_color_hover":"","ocean_menu_link_color_active":"","ocean_menu_link_background":"","ocean_menu_link_hover_background":"","ocean_menu_link_active_background":"","ocean_menu_social_links_bg":"","ocean_menu_social_hover_links_bg":"","ocean_menu_social_links_color":"","ocean_menu_social_hover_links_color":"","ocean_disable_title":"default","ocean_disable_heading":"default","ocean_post_title":"","ocean_post_subheading":"","ocean_post_title_style":"","ocean_post_title_background_color":"","ocean_post_title_background":0,"ocean_post_title_bg_image_position":"","ocean_post_title_bg_image_attachment":"","ocean_post_title_bg_image_repeat":"","ocean_post_title_bg_image_size":"","ocean_post_title_height":0,"ocean_post_title_bg_overlay":0.5,"ocean_post_title_bg_overlay_color":"","ocean_disable_breadcrumbs":"default","ocean_breadcrumbs_color":"","ocean_breadcrumbs_separator_color":"","ocean_breadcrumbs_links_color":"","ocean_breadcrumbs_links_hover_color":"","ocean_display_footer_widgets":"default","ocean_display_footer_bottom":"default","ocean_custom_footer_template":"0","footnotes":""},"class_list":["post-46","page","type-page","status-publish","hentry","entry"],"_links":{"self":[{"href":"https:\/\/mm-gd.net\/portfolio\/wp-json\/wp\/v2\/pages\/46","targetHints":{"allow":["GET"]}}],"collection":[{"href":"https:\/\/mm-gd.net\/portfolio\/wp-json\/wp\/v2\/pages"}],"about":[{"href":"https:\/\/mm-gd.net\/portfolio\/wp-json\/wp\/v2\/types\/page"}],"author":[{"embeddable":true,"href":"https:\/\/mm-gd.net\/portfolio\/wp-json\/wp\/v2\/users\/1"}],"replies":[{"embeddable":true,"href":"https:\/\/mm-gd.net\/portfolio\/wp-json\/wp\/v2\/comments?post=46"}],"version-history":[{"count":10,"href":"https:\/\/mm-gd.net\/portfolio\/wp-json\/wp\/v2\/pages\/46\/revisions"}],"predecessor-version":[{"id":1216,"href":"https:\/\/mm-gd.net\/portfolio\/wp-json\/wp\/v2\/pages\/46\/revisions\/1216"}],"wp:attachment":[{"href":"https:\/\/mm-gd.net\/portfolio\/wp-json\/wp\/v2\/media?parent=46"}],"curies":[{"name":"wp","href":"https:\/\/api.w.org\/{rel}","templated":true}]}}